{"id":92,"date":"2021-04-20T10:08:31","date_gmt":"2021-04-20T10:08:31","guid":{"rendered":"https:\/\/liceulbojor.ro\/?page_id=92"},"modified":"2026-01-28T09:16:30","modified_gmt":"2026-01-28T09:16:30","slug":"oferta","status":"publish","type":"page","link":"https:\/\/liceulbojor.ro\/?page_id=92","title":{"rendered":"Oferta educa\u021bional\u0103"},"content":{"rendered":"\r\n<h2 class=\"has-accent-color has-text-color wp-block-heading\" style=\"font-size: 35px;\"><strong><em>Oferta educa\u021bional\u0103 2026\/2027<\/em><\/strong><\/h2>\r\n<p><a href=\"https:\/\/fb.watch\/dfayYvdRGi\/\"><strong>PREZENTARE CALIFIC\u0102RI PROFESIONALE 2024-2025<\/strong><\/a><\/p>\r\n\r\n\r\n\r\n<p><strong>\u00ceNV\u0102\u021a\u0102M\u00c2NT LICEAL-ZI<\/strong><\/p>\r\n\r\n\r\n\r\n<figure class=\"wp-block-table is-style-regular\">\r\n<table width=\"941\" height=\"415\">\r\n<tbody>\r\n<tr>\r\n<td><strong>DOMENIU<\/strong><\/td>\r\n<td><strong>Profil<\/strong><\/td>\r\n<td><strong>Calificare profesional\u0103 nivel 4\/nivel 3<\/strong><\/td>\r\n<td class=\"has-text-align-center\" data-align=\"center\"><strong>Nr.locuri<\/strong><\/td>\r\n<\/tr>\r\n<tr>\r\n<td><strong>ECONOMIC<\/strong><\/td>\r\n<td>SEVICII<\/td>\r\n<td>Tehnician \u00een activit\u0103\u021bi economice\/ Comerciant, V\u00e2nz\u0103tor<\/td>\r\n<td class=\"has-text-align-center\" data-align=\"center\"><strong>28<\/strong><\/td>\r\n<\/tr>\r\n<tr>\r\n<td><strong>TURISM \u0218I ALIMENTA\u021aIE<\/strong><\/td>\r\n<td>SEVICII<\/td>\r\n<td>Tehnician \u00een gastronomie\/Buc\u0103tar<\/td>\r\n<td class=\"has-text-align-center\" data-align=\"center\"><br \/><strong><br \/>28<\/strong><\/td>\r\n<\/tr>\r\n<tr>\r\n<td><strong>INDUSTRIE ALIMENTAR\u0102<\/strong><\/td>\r\n<td>RESURSE NATURALE \u0218I PROTEC\u021aIA MEDIULUI<\/td>\r\n<td>Tehnician \u00een industria alimentar\u0103\/Brutar, patiser, preparate produse f\u0103inoase<\/td>\r\n<td class=\"has-text-align-center\" data-align=\"center\"><strong>14<\/strong><\/td>\r\n<\/tr>\r\n<tr>\r\n<td><strong>AGRICULTUR\u0102<\/strong><\/td>\r\n<td>RESURSE NATURALE \u0218I PROTEC\u021aIA MEDIULUI<\/td>\r\n<td>Tehnician \u00een agroturism\/Lucr\u0103tor \u00een agroturism<\/td>\r\n<td class=\"has-text-align-center\" data-align=\"center\"><strong>28<\/strong><\/td>\r\n<\/tr>\r\n<\/tbody>\r\n<\/table>\r\n<\/figure>\r\n\r\n\r\n\r\n<figure class=\"wp-block-table\">\r\n<table>\r\n<tbody>\r\n<tr>\r\n<td><\/td>\r\n<td><\/td>\r\n<td class=\"has-text-align-center\" data-align=\"center\"><\/td>\r\n<\/tr>\r\n<tr>\r\n<td><strong><strong>AGRICULTUR\u0102<\/strong><\/strong><\/td>\r\n<td><em>Tehnician \u00een agroturism\/Lucr\u0103tor \u00een agricultur\u0103 ecologic\u0103\u00a0<\/em><\/td>\r\n<td class=\"has-text-align-center\" data-align=\"center\"><strong>14<\/strong><\/td>\r\n<\/tr>\r\n<tr>\r\n<td><strong>MECANIC\u0102\u00a0<\/strong><\/td>\r\n<td><em>Tehnician mecanic pentru \u00eentre\u021binere \u0219i repara\u021bii\/Mecanic agricol &#8211;<strong>DUAL<\/strong><\/em><\/td>\r\n<td class=\"has-text-align-center\" data-align=\"center\"><strong>14<\/strong><\/td>\r\n<\/tr>\r\n<tr>\r\n<td><strong>MECANIC\u0102 DE MOTOARE<\/strong><\/td>\r\n<td><em>Tehnician transporturi\/Mecanic auto\u00a0<\/em><\/td>\r\n<td class=\"has-text-align-center\" data-align=\"center\"><strong>14<\/strong><\/td>\r\n<\/tr>\r\n<\/tbody>\r\n<\/table>\r\n<\/figure>\r\n\r\n\r\n\r\n<table width=\"1002\" height=\"129\">\r\n<tbody>\r\n<tr>\r\n<td style=\"text-align: center;\">\r\n<p><strong>TURISM \u0218I <\/strong><\/p>\r\n<p><strong>ALIMENTA\u021aIE<\/strong><\/p>\r\n<\/td>\r\n<td style=\"text-align: center;\">\r\n<p style=\"text-align: left;\"><em>Tehnician \u00een gastronomie\/<\/em><em>Osp\u0103tar (chelner) v\u00e2nz\u0103tor \u00een unit\u0103\u021bi de alimenta\u021bie\u00a0 \u00a0 \u00a0 \u00a0 \u00a0 \u00a0 \u00a0 \u00a0 \u00a0 \u00a0 \u00a0 \u00a0 \u00a0 \u00a0 \u00a0 \u00a0 \u00a0 \u00a0 \u00a0 \u00a0 \u00a0 \u00a0 \u00a0<\/em><strong>28<\/strong><\/p>\r\n<\/td>\r\n<td class=\"has-text-align-center\" data-align=\"center\"><\/td>\r\n<\/tr>\r\n<\/tbody>\r\n<\/table>\r\n<p>&nbsp;<\/p>\r\n<p><strong>\u00ceNV\u0102\u021a\u0102M\u00c2NT LICEAL- CLASA\u00a0 a XI-a SERAL<\/strong><\/p>\r\n\r\n\r\n\r\n<p><strong><em>\u00a0\u00a0\u00a0\u00a0\u00a0\u00a0\u00a0\u00a0\u00a0\u00a0\u00a0<\/em><\/strong><\/p>\r\n\r\n\r\n\r\n<figure class=\"wp-block-table\">\r\n<table>\r\n<tbody>\r\n<tr>\r\n<td><strong>DOMENIU<\/strong><\/td>\r\n<td><strong>Profil<\/strong><\/td>\r\n<td><strong>Calificare profesional\u0103<\/strong><\/td>\r\n<td class=\"has-text-align-center\" data-align=\"center\"><strong>Nr.locuri<\/strong><\/td>\r\n<\/tr>\r\n<tr>\r\n<td><strong>AGRICULTUR\u0102<\/strong><\/td>\r\n<td>RESURSE NATURALE \u0218I<br \/>PROTEC\u021aIA MEDIULUI<\/td>\r\n<td>Tehnician \u00een agroturism<\/td>\r\n<td class=\"has-text-align-center\" data-align=\"center\"><strong>30<\/strong><\/td>\r\n<\/tr>\r\n<\/tbody>\r\n<\/table>\r\n<\/figure>\r\n\r\n\r\n\r\n<p><strong><em>\u00a0<\/em><\/strong><\/p>\r\n\r\n\r\n\r\n<p>\u00a0\u00a0 <strong>\u00ceNV\u0102\u021a\u0102M\u00c2NT POSTLICEAL-ZI<\/strong><\/p>\r\n\r\n\r\n\r\n<p><strong>\u00a0\u00a0 \u00a0\u00a0\u00a0\u00a0\u00a0\u00a0\u00a0\u00a0\u00a0\u00a0\u00a0<\/strong><\/p>\r\n\r\n\r\n\r\n<figure class=\"wp-block-table\">\r\n<table>\r\n<tbody>\r\n<tr>\r\n<td><strong>Domeniu<\/strong> \u00a0<\/td>\r\n<td><strong>Calificare profesional\u0103<\/strong><\/td>\r\n<td class=\"has-text-align-center\" data-align=\"center\"><strong>Nr.locuri<\/strong><\/td>\r\n<\/tr>\r\n<tr>\r\n<td><strong>AGRICULTUR\u0102<\/strong><\/td>\r\n<td>Tehnician protec\u021bia plantelor<\/td>\r\n<td class=\"has-text-align-center\" data-align=\"center\"><strong>32<\/strong><\/td>\r\n<\/tr>\r\n<\/tbody>\r\n<\/table>\r\n<\/figure>\r\n\r\n\r\n\r\n<p><strong>\u00a0<\/strong><\/p>\r\n","protected":false},"excerpt":{"rendered":"<p>Oferta educa\u021bional\u0103 2026\/2027 PREZENTARE CALIFIC\u0102RI PROFESIONALE 2024-2025 \u00ceNV\u0102\u021a\u0102M\u00c2NT LICEAL-ZI DOMENIU Profil Calificare profesional\u0103 nivel 4\/nivel 3 Nr.locuri ECONOMIC SEVICII Tehnician \u00een activit\u0103\u021bi economice\/ Comerciant, V\u00e2nz\u0103tor 28 TURISM \u0218I ALIMENTA\u021aIE SEVICII Tehnician \u00een gastronomie\/Buc\u0103tar 28 INDUSTRIE ALIMENTAR\u0102 RESURSE NATURALE \u0218I PROTEC\u021aIA MEDIULUI Tehnician \u00een industria alimentar\u0103\/Brutar, patiser, preparate produse f\u0103inoase 14 [&hellip;]<\/p>\n","protected":false},"author":1,"featured_media":0,"parent":0,"menu_order":0,"comment_status":"closed","ping_status":"closed","template":"","meta":{"_themeisle_gutenberg_block_has_review":false,"footnotes":""},"class_list":["post-92","page","type-page","status-publish","hentry"],"_links":{"self":[{"href":"https:\/\/liceulbojor.ro\/index.php?rest_route=\/wp\/v2\/pages\/92","targetHints":{"allow":["GET"]}}],"collection":[{"href":"https:\/\/liceulbojor.ro\/index.php?rest_route=\/wp\/v2\/pages"}],"about":[{"href":"https:\/\/liceulbojor.ro\/index.php?rest_route=\/wp\/v2\/types\/page"}],"author":[{"embeddable":true,"href":"https:\/\/liceulbojor.ro\/index.php?rest_route=\/wp\/v2\/users\/1"}],"replies":[{"embeddable":true,"href":"https:\/\/liceulbojor.ro\/index.php?rest_route=%2Fwp%2Fv2%2Fcomments&post=92"}],"version-history":[{"count":21,"href":"https:\/\/liceulbojor.ro\/index.php?rest_route=\/wp\/v2\/pages\/92\/revisions"}],"predecessor-version":[{"id":711,"href":"https:\/\/liceulbojor.ro\/index.php?rest_route=\/wp\/v2\/pages\/92\/revisions\/711"}],"wp:attachment":[{"href":"https:\/\/liceulbojor.ro\/index.php?rest_route=%2Fwp%2Fv2%2Fmedia&parent=92"}],"curies":[{"name":"wp","href":"https:\/\/api.w.org\/{rel}","templated":true}]}}