{"id":90,"date":"2021-04-20T10:08:06","date_gmt":"2021-04-20T10:08:06","guid":{"rendered":"https:\/\/liceulbojor.ro\/?page_id=90"},"modified":"2021-05-19T15:18:28","modified_gmt":"2021-05-19T15:18:28","slug":"istoric","status":"publish","type":"page","link":"https:\/\/liceulbojor.ro\/?page_id=90","title":{"rendered":"Istoric"},"content":{"rendered":"\n<p class=\"has-small-font-size\">Liceul Tehnologic \u201cIoan Bojor\u201d se afl\u0103 pe strada R\u00e2ului nr. 16, \u00een zona central\u0103 a municipiului Reghin, jude\u0163ul Mure\u015f. \u00cen urma studierii documentelor din arhiva liceului s-a concluzionat c\u0103 aceast\u0103 institu\u021bie de \u00eenv\u0103\u021b\u0103m\u00e2nt s-a \u00eenfiin\u021bat \u00een anul 1951 ,,Conform Decretului Nr.343 publicat \u00een Monitorul Oficial Nr. 273 din 25 Noembrie 1948 \u0219i Deciziunii Ministerului Agriculturii Nr. 350 din 27 August 1949, privitoare la organizarea \u0219i func\u021bionarea cursurilor de calificare pentru principalele meserii din Agricultur\u0103\u201d. Denumirea \u0219colii ar fi fost ,,\u0218coala Profesional\u0103 de tractori\u0219ti\u2019\u2019, cu un ciclu de \u00eenv\u0103\u021b\u0103m\u00e2nt de doi ani, av\u00e2nd specializare doar la sec\u021bia rom\u00e2n\u0103 \u00een calificarea de ,,tractorist\u2019\u2019 \u0219i\u00a0 ,,ajutor tractorist\u2019\u2019. \u00cen acest sens am identificat absolven\u021bi provenind din actualele jude\u021be: Mure\u0219, Bistri\u021ba-N\u0103s\u0103ud, Bra\u0219ov, Hunedoara, Maramure\u0219, Alba, Harghita<\/p>\n\n\n\n<p class=\"has-small-font-size\"><strong><em>\u015ecoala \u015fi-a precizat profilul \u00een anul 1961 c\u00e2nd a devenit \u015ecoala Profesional\u0103 de Mecanici Agricoli<\/em><\/strong>, func\u0163ion\u00e2nd \u00een actuala cl\u0103dire a Gimnaziului \u201cAlexandru Ceu\u015fianu\u201d\u00a0 din municipiul Reghin. Actuala cl\u0103dire a \u015fcolii noastre a fost dat\u0103 \u00een folosin\u0163\u0103 \u00een anul 1963. Avea 8 clase, 2 ateliere, un laborator \u015fi o cantin\u0103. Prima promo\u0163ie avea 117 absolven\u0163i. \u00cen anul 1965 \u015fcoala avea 486 elevi \u015fi 28 cadre didactice, \u00een 1966 avea 309 elevi \u015fi 19 cadre didactice. \u00cen 1974\u00a0 \u015fcoala se nume\u015fte \u015ecoala Profesional\u0103 Agroindustrial\u0103, din 1990 prime\u015fte denumirea de Grup \u015ecolar Agricol,\u00a0 \u00een 2005 prime\u015fte numele de Grup \u015ecolar \u201cIoan Bojor\u201d iar din anul 2012 denumirea \u015fcolii este de Liceul Tehnologic \u201cIoan Bojor\u201d.<\/p>\n\n\n\n<p class=\"has-small-font-size\">Adoptarea numelui profesorului Ioan Bojor s-a f\u0103cut \u00een scopul de a da un imbold dezvolt\u0103rii institu\u0163ionale \u015fi de a stimula activitatea la nivelul marii personalit\u0103\u0163i a profesorului, care \u015fi-a dedicat o mare parte a vie\u0163ii pentru activitatea didactic\u0103&nbsp; \u015fi pentru&nbsp; cercetarea naturii.<\/p>\n\n\n\n<p class=\"has-small-font-size\">Cre\u015fterea num\u0103rului de clase \u015fi de elevi&nbsp; s-a datorat&nbsp; cre\u015fterii prestigiului \u015fcolii \u00een comunitatea local\u0103 \u015fi diversific\u0103rii ofertei curriculare \u00een func\u0163ie de cerin\u0163ele de pe pia\u0163a muncii. Conducerea \u015fcolii \u00eempreun\u0103 cu cadrele didactice &nbsp;au g\u0103sit solu\u0163ii pentru a m\u0103ri ofertele \u015fcolii diversific\u00e2nd profilele \u015fi ob\u0163in\u00e2nd autoriza\u0163ia pentru organizarea cursurilor \u00een vederea ob\u0163inerii permiselor de conducere auto pentru categoriile B.<\/p>\n\n\n\n<p class=\"has-small-font-size\">Liceul nostru&nbsp; a fost prima \u015fcoal\u0103 din jude\u0163 selectat\u0103 \u00een vederea reabilit\u0103rii \u015fi dot\u0103rii prin fondurile PHARE TVET 2004-2006, care sprijin\u0103 \u00eenv\u0103\u0163\u0103m\u00e2ntul profesional \u015fi tehnic. \u00cen anul 2004 echipa managerial\u0103 a \u00eentocmit un proiect pentru finan\u0163area \u00eenv\u0103\u0163\u0103m\u00e2ntului profesional \u015fi tehnic prin care s-a aprobat o construc\u0163ie nou\u0103, cu parter \u015fi etaj, care va cuprinde o brut\u0103rie, laborator de industrie alimentar\u0103, agroturism \u015fi alimenta\u0163ie public\u0103.<\/p>\n\n\n\n<p class=\"has-small-font-size\">\u00cen anul 2007 s-a constituit asocia\u0163ia \u00ab&nbsp;Ioan Bojor&nbsp;\u00bb cu urm\u0103toarele obiective: promovarea \u015fi sprijinirea intereselor profesionale, sociale, economice \u015fi culturale ale elevilor, absolven\u0163ilor \u015fi profesorilor; promovarea spiritului democratic, precum \u015fi a tradi\u0163iilor rom\u00e2ne\u015fti pe plan intern \u015fi interna\u0163ional; consiliere profesional\u0103 \u015fi educa\u0163ional\u0103; sprijinirea ini\u0163iativelor de dezvoltare material\u0103 ale unit\u0103\u0163ii de \u00eenv\u0103\u0163\u0103m\u00e2nt, de formare continu\u0103 a cadrelor didactice \u015fi a schimburilor de experien\u0163\u0103; crearea \u015fi dotarea unui centru de resurse \u015fi formare ini\u0163ial\u0103 \u015fi continu\u0103 pentru elevii, p\u0103rin\u0163ii \u015fi cadrele didactice \u00een activitate \u015fi pensionate din zona Reghin; alte obiective care duc la promovarea educa\u0163iei \u015fi dezvolt\u0103rii durabile.<\/p>\n\n\n\n<p class=\"has-small-font-size\">&nbsp;&nbsp;&nbsp;&nbsp;&nbsp;&nbsp;&nbsp;&nbsp;&nbsp;&nbsp;&nbsp; Tot \u00een anul 2007 s-a implementat proiectul \u201dAgricultorul ecologic\u201d prin programul de Granturi pentru dezvoltare \u015fcolar\u0103, proiect finan\u0163at cu&nbsp;10 000 Euro.&nbsp; \u00cen cadrul acestui proiect s-a construit o ser\u0103&nbsp; din policarbonat cu suprafa\u0163a de 85 mp ca baz\u0103 de practic\u0103 pentru domeniul agricultur\u0103 \u015fi pentru activit\u0103\u0163ile de la cercul elevilor \u00ab&nbsp;Agricultorul ecologic&nbsp;\u00bb.<\/p>\n\n\n\n<p class=\"has-small-font-size\">&nbsp;&nbsp;&nbsp;&nbsp;&nbsp;&nbsp;&nbsp;&nbsp;&nbsp;&nbsp;&nbsp; \u015ecoala noastr\u0103 este sprijinit\u0103 de administra\u0163ia local\u0103 \u00een ceea ce prive\u015fte implementarea proiectelor. \u00cen cadrul proiectului de coeziune economico-social\u0103 PHARE TVET 2004-2006 am primit spre folosin\u0163\u0103 \u00eenc\u0103 4 hectare de p\u0103m\u00e2nt&nbsp; pe l\u00e2ng\u0103 hectarul&nbsp; existent.<\/p>\n\n\n\n<p class=\"has-small-font-size\">&nbsp;&nbsp;&nbsp;&nbsp;&nbsp;&nbsp;&nbsp;&nbsp;&nbsp;&nbsp;&nbsp; \u00cen anul \u015fcolar 2007-2008 s-a recep\u0163ionat cl\u0103direa construit\u0103 prin fonduri Phare (cu o suprafa\u0163\u0103 de 525 mp) \u015fi echipamentele necesare preg\u0103tirii de baz\u0103 \u00een domeniile: agricultur\u0103, industrie alimentar\u0103 \u015fi alimenta\u0163ie public\u0103. Ministerul Educa\u0163iei, Cercet\u0103rii \u015fi Tineretului a dotat \u015fcoala cu un autoturism Logan \u015fi cu un cabinet de informatic\u0103 performant.<\/p>\n\n\n\n<p class=\"has-small-font-size\">\u00cen anul \u015fcolar 2011-2012 s-a \u00eembun\u0103t\u0103\u0163it siguran\u0163a elevilor&nbsp; \u015fi posibilitatea de monitorizare a intr\u0103rii \u015fi ie\u015firii elevilor prin montarea unui videointerfon \u015fi prin automatizarea por\u0163ii de acces auto.<\/p>\n\n\n\n<p class=\"has-small-font-size\">\u00cencep\u00e2nd cu 1 septembrie 2012 denumirea \u015fcolii este Liceu Tehnologic \u201eIoan Bojor\u201d, conform OMECTS 3283 din 17.02.2012.<\/p>\n\n\n\n<p class=\"has-small-font-size\">\u00cen anul \u015fcolar 2013 \u2013 2014 a fost aprobat un proiect de construire a 4 s\u0103li de clas\u0103 prin mansardarea cl\u0103dirii Phare.<\/p>\n\n\n\n<p class=\"has-small-font-size\">\u00a0\u00a0\u00a0\u00a0\u00a0\u00a0\u00a0\u00a0\u00a0\u00a0\u00a0 \u00cen anul \u0219colar 2015-2016 s-a finalizat proiectul privind construirea a patru s\u0103li de clas\u0103 \u00een\u00a0 cl\u0103direa Phare, \u00a0prin fonduri guvernamentale pentru a crea condi\u021bii optime de desf\u0103\u0219urare privind procesul instructiv-educativ \u00eentr-un singur schimb; s-au instalat 17 camere de supraveghere, at\u00e2t pe holurile \u0219colii c\u00e2t \u0219i \u00een curtea liceului, pentru a asigura securitatea elevilor \u0219i a angaja\u021bilor \u0219colii (cadre didactice \u0219i personal auxiliar).<\/p>\n\n\n\n<p class=\"has-small-font-size\">&nbsp;&nbsp;&nbsp;&nbsp;&nbsp;&nbsp;&nbsp;&nbsp;&nbsp;&nbsp;&nbsp; \u00cen anul \u0219colar 2017-2018 s-au realizat lucr\u0103ri de amenajare \u0219i igienizare a spa\u021biilor de \u00eenv\u0103\u021b\u0103m\u00e2nt; s-a \u00eenlocuit o por\u021biune de 100 m din gardul exterior, din pl\u0103ci de beton, cu gard din tabl\u0103 ondulat\u0103; s-a amenajat un cabinet medical modern, la standarde europene.<\/p>\n\n\n\n<p class=\"has-small-font-size\">&nbsp;&nbsp;&nbsp;&nbsp;&nbsp;&nbsp;&nbsp;&nbsp;&nbsp;&nbsp;&nbsp; \u00cen anul \u0219colar 2018-2019 s-au asigurat condi\u021biile de studiu, s-a continuat cu perfec\u021bionarea cadrelor didactice, s-a achizi\u021bionat material didactic. Astfel, \u00een fiecare sal\u0103 de clas\u0103 s-a instalat c\u00eete un aparat TV, s-a primit,&nbsp; prin sponsorizare de la S.C. Kastamonu Rom\u00eenia S.A., 30 de coli de pal din care s-a confec\u021bionat mobilerul din sala profesoral\u0103.<\/p>\n\n\n\n<p class=\"has-small-font-size\">\u00a0\u00a0\u00a0\u00a0\u00a0\u00a0\u00a0\u00a0\u00a0\u00a0 \u0218i \u00een anul \u0219colar 2019-2020 preocuparea de baz\u0103 a conducerii \u0219colii \u0219i a \u00eentregului personal didactic \u0219i nedidactic a fost s\u0103 se asigure un climat de siguran\u021b\u0103 fizic\u0103 pentru elevi. Domnul academician Ovidiu Bojor ne-a bucurat cu vizita \u00een\u00a0 liceu,\u00a0 a stat de vorb\u0103 cu elevii no\u0219tri \u0219i i-am s\u0103rb\u0103torit 95 de ani de via\u021b\u0103 fructuoas\u0103 \u00een sprijinul binelui, adev\u0103rului \u0219i frumosului.<\/p>\n","protected":false},"excerpt":{"rendered":"<p>Liceul Tehnologic \u201cIoan Bojor\u201d se afl\u0103 pe strada R\u00e2ului nr. 16, \u00een zona central\u0103 a municipiului Reghin, jude\u0163ul Mure\u015f. \u00cen urma studierii documentelor din arhiva liceului s-a concluzionat c\u0103 aceast\u0103 institu\u021bie de \u00eenv\u0103\u021b\u0103m\u00e2nt s-a \u00eenfiin\u021bat \u00een anul 1951 ,,Conform Decretului Nr.343 publicat \u00een Monitorul Oficial Nr. 273 din 25 Noembrie [&hellip;]<\/p>\n","protected":false},"author":1,"featured_media":0,"parent":0,"menu_order":0,"comment_status":"closed","ping_status":"closed","template":"","meta":{"_themeisle_gutenberg_block_has_review":false,"footnotes":""},"class_list":["post-90","page","type-page","status-publish","hentry"],"_links":{"self":[{"href":"https:\/\/liceulbojor.ro\/index.php?rest_route=\/wp\/v2\/pages\/90","targetHints":{"allow":["GET"]}}],"collection":[{"href":"https:\/\/liceulbojor.ro\/index.php?rest_route=\/wp\/v2\/pages"}],"about":[{"href":"https:\/\/liceulbojor.ro\/index.php?rest_route=\/wp\/v2\/types\/page"}],"author":[{"embeddable":true,"href":"https:\/\/liceulbojor.ro\/index.php?rest_route=\/wp\/v2\/users\/1"}],"replies":[{"embeddable":true,"href":"https:\/\/liceulbojor.ro\/index.php?rest_route=%2Fwp%2Fv2%2Fcomments&post=90"}],"version-history":[{"count":4,"href":"https:\/\/liceulbojor.ro\/index.php?rest_route=\/wp\/v2\/pages\/90\/revisions"}],"predecessor-version":[{"id":143,"href":"https:\/\/liceulbojor.ro\/index.php?rest_route=\/wp\/v2\/pages\/90\/revisions\/143"}],"wp:attachment":[{"href":"https:\/\/liceulbojor.ro\/index.php?rest_route=%2Fwp%2Fv2%2Fmedia&parent=90"}],"curies":[{"name":"wp","href":"https:\/\/api.w.org\/{rel}","templated":true}]}}