{"id":728,"date":"2026-04-23T09:45:45","date_gmt":"2026-04-23T09:45:45","guid":{"rendered":"https:\/\/liceulbojor.ro\/?page_id=728"},"modified":"2026-04-28T09:12:57","modified_gmt":"2026-04-28T09:12:57","slug":"proiect-invata-prin-practica","status":"publish","type":"page","link":"https:\/\/liceulbojor.ro\/?page_id=728","title":{"rendered":"Proiect \u201d\u00ceNVA\u021a\u0102 PRIN PRACTIC\u0102\u201d"},"content":{"rendered":"<p>&nbsp;<\/p>\n<div id=\"attachment_734\" style=\"width: 951px\" class=\"wp-caption alignnone\"><img loading=\"lazy\" decoding=\"async\" aria-describedby=\"caption-attachment-734\" src=\"https:\/\/liceulbojor.ro\/wp-content\/uploads\/2026\/04\/SIGLA_PROIECT2026-1.jpg\" alt=\"\" width=\"941\" height=\"293\" class=\"wp-image-734 size-full\" srcset=\"https:\/\/liceulbojor.ro\/wp-content\/uploads\/2026\/04\/SIGLA_PROIECT2026-1.jpg 941w, https:\/\/liceulbojor.ro\/wp-content\/uploads\/2026\/04\/SIGLA_PROIECT2026-1-300x93.jpg 300w, https:\/\/liceulbojor.ro\/wp-content\/uploads\/2026\/04\/SIGLA_PROIECT2026-1-768x239.jpg 768w\" sizes=\"auto, (max-width: 941px) 100vw, 941px\" \/><p id=\"caption-attachment-734\" class=\"wp-caption-text\"><strong>31.03.2026\u00a0 \u00a0<\/strong> \u00cen perioada octombrie 2025 \u2013 martie 2026, <strong>116<\/strong> elevi ai <strong>Liceului Tehnologic \u201eIoan Bojor\u201d Municipiul Reghin<\/strong> au participat la stagii de practic\u0103 relevante pentru viitoarea lor carier\u0103, \u00een cadrul proiectului \u201e\u00cenva\u021b\u0103 prin practic\u0103\u201d. Activitatea se desf\u0103\u0219oar\u0103 cu sprijinul partenerilor economici \u0219i are ca obiectiv principal consolidarea competen\u021belor tehnice necesare pentru o tranzi\u021bie reu\u0219it\u0103 de la \u0219coal\u0103 la pia\u021ba muncii. Cei 116 participan\u021bii provin din urm\u0103toarele clase: &#8211; XII A \u2013 18 elevi, specializarea <strong>Tehnician \u00een activit\u0103\u021bi economice<\/strong> &#8211; XII D \u2013 9 elevi, specializarea <strong>Tehnician \u00een industrie alimentar\u0103 <\/strong>&#8211; XII E \u2013 15 elevi, specializarea <strong>Tehnician \u00een gastronomie <\/strong>&#8211; XII G \u2013 17 elevi, specializarea <strong>Tehnician \u00een agroturism<\/strong> &#8211; XI B profesional\u0103 \u2013 18 elevi, specializarea <strong>Lucr\u0103tor \u00een agroturism <\/strong>&#8211; XI C profesional\u0103 \u2013 18 elevi, specializarea <strong>Mecanic auto <\/strong>&#8211; XI F profesional\u0103 \u2013 21 elevi, specializarea <strong>Osp\u0103tar (chelner), v\u00e2nz\u0103tor \u00een unit\u0103\u021bi de alimenta\u021bie<\/strong> Cei 116 elevi \u00eenmatricula\u021bi \u00een cadrul Liceului Tehnologic \u201eIoan Bojor\u201d Municipiul Reghin au avut astfel oportunitatea de a exersa cuno\u0219tin\u021bele acumulate \u00een ateliere specializate \u0219i companii din domeniul \u00een care studiaz\u0103. Aceste stagii de practic\u0103 reprezint\u0103 o etap\u0103 esen\u021bial\u0103 \u00een preg\u0103tirea profesional\u0103 a elevilor, oferindu-le nu doar experien\u021b\u0103, ci \u0219i o mai bun\u0103 \u00een\u021belegere a cerin\u021belor angajatorilor. Participarea la proiect le ofer\u0103 tinerilor o baz\u0103 solid\u0103 pentru viitoarea carier\u0103 \u0219i contribuie la dezvoltarea unei genera\u021bii capabile s\u0103 r\u0103spund\u0103 provoc\u0103rilor economice ale regiunii.<\/p><\/div>\n","protected":false},"excerpt":{"rendered":"<p>&nbsp;<\/p>\n","protected":false},"author":1,"featured_media":0,"parent":0,"menu_order":0,"comment_status":"closed","ping_status":"closed","template":"","meta":{"_themeisle_gutenberg_block_has_review":false,"footnotes":""},"class_list":["post-728","page","type-page","status-publish","hentry"],"_links":{"self":[{"href":"https:\/\/liceulbojor.ro\/index.php?rest_route=\/wp\/v2\/pages\/728","targetHints":{"allow":["GET"]}}],"collection":[{"href":"https:\/\/liceulbojor.ro\/index.php?rest_route=\/wp\/v2\/pages"}],"about":[{"href":"https:\/\/liceulbojor.ro\/index.php?rest_route=\/wp\/v2\/types\/page"}],"author":[{"embeddable":true,"href":"https:\/\/liceulbojor.ro\/index.php?rest_route=\/wp\/v2\/users\/1"}],"replies":[{"embeddable":true,"href":"https:\/\/liceulbojor.ro\/index.php?rest_route=%2Fwp%2Fv2%2Fcomments&post=728"}],"version-history":[{"count":6,"href":"https:\/\/liceulbojor.ro\/index.php?rest_route=\/wp\/v2\/pages\/728\/revisions"}],"predecessor-version":[{"id":740,"href":"https:\/\/liceulbojor.ro\/index.php?rest_route=\/wp\/v2\/pages\/728\/revisions\/740"}],"wp:attachment":[{"href":"https:\/\/liceulbojor.ro\/index.php?rest_route=%2Fwp%2Fv2%2Fmedia&parent=728"}],"curies":[{"name":"wp","href":"https:\/\/api.w.org\/{rel}","templated":true}]}}