{"id":671,"date":"2025-09-22T07:17:15","date_gmt":"2025-09-22T07:17:15","guid":{"rendered":"https:\/\/liceulbojor.ro\/?page_id=671"},"modified":"2025-09-22T07:46:34","modified_gmt":"2025-09-22T07:46:34","slug":"documente-burse","status":"publish","type":"page","link":"https:\/\/liceulbojor.ro\/?page_id=671","title":{"rendered":"Documente burse"},"content":{"rendered":"<p><a href=\"https:\/\/liceulbojor.ro\/wp-content\/uploads\/2025\/09\/Anunt-burse.doc\">Anun\u021b-burse 2025-2026<\/a><\/p>\n<p><a href=\"https:\/\/liceulbojor.ro\/wp-content\/uploads\/2025\/09\/Cerere-bursa-sociala-pe-baza-venitului-mediu-net-pe-membru-de-familie.doc\">Cerere burs\u0103 social\u0103 (pe baza venitului mediu net pe membru de familie)<\/a><\/p>\n<p><a href=\"https:\/\/liceulbojor.ro\/wp-content\/uploads\/2025\/09\/Cerere-bursa-sociala-pentru-motive-medicale.doc\">Cerere burs\u0103 social\u0103 (pentru motive medicale)<\/a><\/p>\n<p><a href=\"https:\/\/liceulbojor.ro\/wp-content\/uploads\/2025\/09\/Cerere-bursa-sociala-pentru-mame-minore.doc\">Cerere bursa sociala pentru mame minore<\/a><\/p>\n<p><a href=\"https:\/\/liceulbojor.ro\/wp-content\/uploads\/2025\/09\/Cerere-bursa-sociala-pentru-orfani-masura-de-protectie-speciala.doc\">Cerere bursa sociala pentru orfani, masura de protectie speciala<\/a><\/p>\n<p><a href=\"https:\/\/liceulbojor.ro\/wp-content\/uploads\/2025\/09\/DECLARATIE-PE-PROPRIA-RASPUNDERE.doc\">DECLARA\u0162IE PE PROPRIA R\u0102SPUNDERE<\/a><\/p>\n<p><a href=\"https:\/\/liceulbojor.ro\/wp-content\/uploads\/2025\/09\/HG-nr.-732-2025-aprobare-Metodologie-burse.pdf\">HG nr. 732 2025 aprobare Metodologie burse<\/a><\/p>\n","protected":false},"excerpt":{"rendered":"<p>Anun\u021b-burse 2025-2026 Cerere burs\u0103 social\u0103 (pe baza venitului mediu net pe membru de familie) Cerere burs\u0103 social\u0103 (pentru motive medicale) Cerere bursa sociala pentru mame minore Cerere bursa sociala pentru orfani, masura de protectie speciala DECLARA\u0162IE PE PROPRIA R\u0102SPUNDERE HG nr. 732 2025 aprobare Metodologie burse<\/p>\n","protected":false},"author":1,"featured_media":0,"parent":0,"menu_order":0,"comment_status":"closed","ping_status":"closed","template":"","meta":{"_themeisle_gutenberg_block_has_review":false,"footnotes":""},"class_list":["post-671","page","type-page","status-publish","hentry"],"_links":{"self":[{"href":"https:\/\/liceulbojor.ro\/index.php?rest_route=\/wp\/v2\/pages\/671","targetHints":{"allow":["GET"]}}],"collection":[{"href":"https:\/\/liceulbojor.ro\/index.php?rest_route=\/wp\/v2\/pages"}],"about":[{"href":"https:\/\/liceulbojor.ro\/index.php?rest_route=\/wp\/v2\/types\/page"}],"author":[{"embeddable":true,"href":"https:\/\/liceulbojor.ro\/index.php?rest_route=\/wp\/v2\/users\/1"}],"replies":[{"embeddable":true,"href":"https:\/\/liceulbojor.ro\/index.php?rest_route=%2Fwp%2Fv2%2Fcomments&post=671"}],"version-history":[{"count":4,"href":"https:\/\/liceulbojor.ro\/index.php?rest_route=\/wp\/v2\/pages\/671\/revisions"}],"predecessor-version":[{"id":684,"href":"https:\/\/liceulbojor.ro\/index.php?rest_route=\/wp\/v2\/pages\/671\/revisions\/684"}],"wp:attachment":[{"href":"https:\/\/liceulbojor.ro\/index.php?rest_route=%2Fwp%2Fv2%2Fmedia&parent=671"}],"curies":[{"name":"wp","href":"https:\/\/api.w.org\/{rel}","templated":true}]}}