{"id":346,"date":"2022-03-18T11:46:34","date_gmt":"2022-03-18T11:46:34","guid":{"rendered":"https:\/\/liceulbojor.ro\/?page_id=346"},"modified":"2026-03-24T13:56:19","modified_gmt":"2026-03-24T13:56:19","slug":"noutati","status":"publish","type":"page","link":"https:\/\/liceulbojor.ro\/?page_id=346","title":{"rendered":"Nout\u0103\u021bi"},"content":{"rendered":"<p><strong>2026<\/strong><\/p>\n<p>09.03.2026<\/p>\n<p><a href=\"https:\/\/liceulbojor.ro\/wp-content\/uploads\/2026\/03\/Anunt_selectie_Resposabil_stagii3.pdf\"><strong>ANUN\u021a DE SELEC\u021aIE RESPONSABIL STAGII 3 PROIECT PEO:ID 310028<\/strong><\/a><\/p>\n<p>19.03.2026<\/p>\n<p><a href=\"https:\/\/liceulbojor.ro\/wp-content\/uploads\/2026\/03\/Rezultatul-probei-de-verificare-a-eligibilitatii-adminstrative.pdf\">Rezultatul probei de verificare a eligibilit\u0103\u021bi administrative<\/a><\/p>\n<p>23.03.2026<\/p>\n<p><a href=\"https:\/\/liceulbojor.ro\/wp-content\/uploads\/2026\/03\/Rezultate_evaluare__dosare.pdf\">Rezultate evaluare dosare<\/a><\/p>\n<p>24.03.2026<\/p>\n<p><a href=\"https:\/\/liceulbojor.ro\/wp-content\/uploads\/2026\/03\/Proces_verbal_final_evaluare_dosare.pdf\">Rezultate finale<\/a><\/p>\n<p><strong>CONCURS 2025<\/strong><\/p>\n<p>12.06.2025<\/p>\n<p><a href=\"https:\/\/liceulbojor.ro\/wp-content\/uploads\/2025\/06\/REZULTATE_FINALE_PEO.pdf\">REZULTATE FINALE -Responsabil financiar PEO ID 310028<\/a><\/p>\n<p>11.06.2025<\/p>\n<p><a href=\"https:\/\/liceulbojor.ro\/wp-content\/uploads\/2025\/06\/PV_EVALUARE_DOSARE_PEO.pdf\">Rezultatul probei de evaluare dosare RESPONSABIL FINANCIAR\u00a0 Proiect PEO ID 310028<\/a><\/p>\n<p>06.06.2026<\/p>\n<p><a href=\"https:\/\/liceulbojor.ro\/wp-content\/uploads\/2025\/06\/rezultat-evaluare-dosar-admis.pdf\">Rezultate evaluare dosare RESPONSABIL FINANCIAR Proiect PEO ID 310028<\/a><\/p>\n<p>27.05.2025<\/p>\n<p><a href=\"https:\/\/liceulbojor.ro\/wp-content\/uploads\/2025\/05\/ANUNT_CONTABIL_PEO-2.pdf\"><strong>ANUN\u021a SELEC\u021aIE RESPONSABIL FINANCIAR PROIECT PEO ID 310028<\/strong><\/a><\/p>\n<p>31.01.2025<\/p>\n<p><a href=\"https:\/\/liceulbojor.ro\/wp-content\/uploads\/2025\/02\/REZULTATE_FINALE_PEO.pdf\">Rezultate <strong>FINALE<\/strong>&#8211; <strong>PROIECT PEO ID310028<\/strong><\/a><\/p>\n<p>30.01.2025<\/p>\n<p><a href=\"https:\/\/liceulbojor.ro\/wp-content\/uploads\/2025\/01\/Rezultatul_evaluarii_dosarelor.pdf\">Rezultate proba de evaluare a dosarelor \u00een cadrul proiectului <strong>PEO:ID310028<\/strong><\/a><\/p>\n<p>28.01.2025<\/p>\n<p><a href=\"https:\/\/liceulbojor.ro\/wp-content\/uploads\/2025\/01\/Rezultatul_probei.pdf\">Rezultat proba de verificare a eligibilit\u0103\u021b\u00edi administrative \u00een cadrul proiectului <strong>\u201d\u00ceNVA\u021a\u0102 PRIN PRACTIC\u0102\u201d-PEO: ID310028<\/strong><\/a><\/p>\n<p>15.01.2025<\/p>\n<p><a href=\"https:\/\/liceulbojor.ro\/wp-content\/uploads\/2025\/01\/CONCURS.pdf\"><strong>ANUN\u021a<\/strong><span>\u00a0<\/span>de selec\u021bie pentru scoaterea la concurs a<span>\u00a0<\/span><strong>posturilor vacante<\/strong><span>\u00a0<\/span>\u00een cadrul proiectului<span>\u00a0<\/span><strong>PEO: ID310028<\/strong><span>\u00a0<\/span>cu titlul<span>\u00a0<\/span><strong>\u201d\u00ceNVA\u021a\u0102 PRIN PRACTIC\u0102\u201d<\/strong><\/a><\/p>\n<p>&nbsp;<\/p>\n<p><strong>BACALAUREAT 2025<\/strong><\/p>\n<p><a href=\"https:\/\/liceulbojor.ro\/wp-content\/uploads\/2025\/01\/OM_6481_2024_bacalaureat_2025.pdf\">Ordin privind organizarea \u0219i desf\u0103\u0219urarea examenului de bacalaureat 2025<\/a><\/p>\n<p><strong>ADMITERE 2025<\/strong><\/p>\n<p><a href=\"https:\/\/liceulbojor.ro\/wp-content\/uploads\/2025\/01\/calendar_admitere_liceu_stat_2025-2026.pdf\">Calendar admitere LICEU 2025-2026<\/a><\/p>\n<p><a href=\"https:\/\/liceulbojor.ro\/wp-content\/uploads\/2025\/01\/OME-nr.-7436-2024.pdf\">ORDIN privind organizarea, desf\u0103\u0219urarea \u0219i calendarul admiterii \u00een \u00eenv\u0103\u021b\u0103m\u00e2ntul profesional \u0219i \u00een \u00eenv\u0103\u021b\u0103m\u00e2ntul dual pentru anul \u0219colar 2025-2026<\/a><\/p>\n<p><strong>CONCURS 2024<\/strong><\/p>\n<p><a href=\"https:\/\/liceulbojor.ro\/wp-content\/uploads\/2024\/11\/REZULTATE2.pdf\">Rezultate Prob<\/a><a href=\"https:\/\/liceulbojor.ro\/wp-content\/uploads\/2024\/11\/REZULTATE2.pdf\">a de evaluare a dosarelor \u00een cadrul proiectului PEO: ID310028<\/a><\/p>\n<p><a href=\"https:\/\/liceulbojor.ro\/wp-content\/uploads\/2024\/11\/REZULTATE1.pdf\">Rezultate Proba de verificare a eligibilit\u0103\u021bii administrative \u00een cadrul proiectului PEO:ID310028\u00a0<\/a><\/p>\n<p><a href=\"https:\/\/liceulbojor.ro\/wp-content\/uploads\/2024\/10\/ANUNT.pdf\"><strong>ANUN\u021a<\/strong> de selec\u021bie pentru scoaterea la concurs a <strong>posturilor vacante<\/strong> \u00een cadrul proiectului <strong>PEO: ID310028<\/strong> cu titlul <strong>\u201d\u00ceNVA\u021a\u0102 PRIN PRACTIC\u0102\u201d<\/strong><\/a><\/p>\n<p><a href=\"https:\/\/liceulbojor.ro\/wp-content\/uploads\/2024\/10\/ANUNT-1.pdf\"><strong>ANUN\u021a<\/strong> de selec\u021bie pentru scoaterea la concurs a <strong>posturilor vacante<\/strong> \u00een cadrul proiectului <strong>PEO: ID310028<\/strong> cu titlul <strong>\u201d\u00ceNVA\u021a\u0102 PRIN PRACTIC\u0102\u201d<\/strong><\/a><\/p>\n<p>&nbsp;<\/p>\n<p><strong>BACALAUREAT 2024<\/strong><\/p>\n<p><a href=\"https:\/\/www.edums.ro\/2023-2024\/215%2014%2003%202024.pdf\">Ordin privind organizarea \u0219i desf\u0103\u0219urarea examenului na\u021bional de Bacalaureat<\/a><\/p>\n<p><span class=\"style18\">\u00a0<\/span><a href=\"https:\/\/www.edums.ro\/2023-2024\/427%2016%2001%202024.pdf\" class=\"style16\">Propuneri centre de examen \u0219i centre zonale de evaluare, pentru examenul de bacalaureat, sesiunea iunie-iulie 2024!<\/a><\/p>\n<p><strong>PROBELE ORALE SESIUNEA IUNIE-IULIE 2024<\/strong><\/p>\n<p><a href=\"https:\/\/liceulbojor.ro\/wp-content\/uploads\/2024\/06\/Repartizare_Proba_A.pdf\">Repartizare Proba A)<\/a><\/p>\n<p>&nbsp;<\/p>\n<p><strong>ADMITERE 2024<\/strong><\/p>\n<p><a href=\"https:\/\/www.edums.ro\/2023-2024\/OME%206070%20din%202023,%20admitere%20%C3%AEnv.%20profes.%20%C8%99i%20dual.pdf\" class=\"style16\">ORDIN privind organizarea, desf\u0103\u0219urarea \u0219i calendarul admiterii \u00een \u00eenv\u0103\u021b\u0103m\u00e2ntul profesional \u0219i \u00een \u00eenv\u0103\u021b\u0103m\u00e2ntul dual pentru anul \u0219colar 2024-2025<\/a><\/p>\n<p><span class=\"style18\">\u00a0<\/span><a href=\"https:\/\/www.edums.ro\/2023-2024\/OME%206154%20din%2031.08.2024%204.pdf\" class=\"style16\">Calendarul admiterii \u00een \u00eenv\u0103\u021b\u0103m\u00e2ntul liceal pentru anul \u0219colar 2024-2025<\/a><\/p>\n","protected":false},"excerpt":{"rendered":"<p>2026 09.03.2026 ANUN\u021a DE SELEC\u021aIE RESPONSABIL STAGII 3 PROIECT PEO:ID 310028 19.03.2026 Rezultatul probei de verificare a eligibilit\u0103\u021bi administrative 23.03.2026 Rezultate evaluare dosare 24.03.2026 Rezultate finale CONCURS 2025 12.06.2025 REZULTATE FINALE -Responsabil financiar PEO ID 310028 11.06.2025 Rezultatul probei de evaluare dosare RESPONSABIL FINANCIAR\u00a0 Proiect PEO ID 310028 06.06.2026 Rezultate [&hellip;]<\/p>\n","protected":false},"author":1,"featured_media":0,"parent":0,"menu_order":0,"comment_status":"closed","ping_status":"closed","template":"","meta":{"_themeisle_gutenberg_block_has_review":false,"footnotes":""},"class_list":["post-346","page","type-page","status-publish","hentry"],"_links":{"self":[{"href":"https:\/\/liceulbojor.ro\/index.php?rest_route=\/wp\/v2\/pages\/346","targetHints":{"allow":["GET"]}}],"collection":[{"href":"https:\/\/liceulbojor.ro\/index.php?rest_route=\/wp\/v2\/pages"}],"about":[{"href":"https:\/\/liceulbojor.ro\/index.php?rest_route=\/wp\/v2\/types\/page"}],"author":[{"embeddable":true,"href":"https:\/\/liceulbojor.ro\/index.php?rest_route=\/wp\/v2\/users\/1"}],"replies":[{"embeddable":true,"href":"https:\/\/liceulbojor.ro\/index.php?rest_route=%2Fwp%2Fv2%2Fcomments&post=346"}],"version-history":[{"count":47,"href":"https:\/\/liceulbojor.ro\/index.php?rest_route=\/wp\/v2\/pages\/346\/revisions"}],"predecessor-version":[{"id":723,"href":"https:\/\/liceulbojor.ro\/index.php?rest_route=\/wp\/v2\/pages\/346\/revisions\/723"}],"wp:attachment":[{"href":"https:\/\/liceulbojor.ro\/index.php?rest_route=%2Fwp%2Fv2%2Fmedia&parent=346"}],"curies":[{"name":"wp","href":"https:\/\/api.w.org\/{rel}","templated":true}]}}