{"id":124,"date":"2021-04-20T15:02:46","date_gmt":"2021-04-20T15:02:46","guid":{"rendered":"https:\/\/liceulbojor.ro\/?page_id=124"},"modified":"2021-04-20T15:02:46","modified_gmt":"2021-04-20T15:02:46","slug":"misiune","status":"publish","type":"page","link":"https:\/\/liceulbojor.ro\/?page_id=124","title":{"rendered":"Misiune"},"content":{"rendered":"\n<p>\u015ecoala noastr\u0103 asigur\u0103 un climat de siguran\u0163\u0103 fizic\u0103 \u015fi psihic\u0103 favorabil dezvolt\u0103rii personalit\u0103\u0163ii ca \u00eentreg. Vom \u00eencuraja fermitatea, disciplina sus\u0163inut\u0103 care d\u0103 na\u015ftere min\u0163ilor active \u015fi bunei s\u0103n\u0103t\u0103\u0163i mentale \u015fi fizice. Suntem reuni\u0163i \u00eentr-un parteneriat \u2013 elevi, profesori, p\u0103rin\u0163i, agen\u0163i economici, comunitate \u2013 pentru a forma absolven\u0163i competen\u0163i, autonomi, responsabili, \u00een m\u0103sur\u0103 s\u0103 decid\u0103 asupra propriei cariere \u015fi s\u0103 devin\u0103 cet\u0103\u0163eni activi.&nbsp;<\/p>\n\n\n\n<p>\u015ecoala noastr\u0103 este singurul ofertant viabil de formare profesional\u0103 \u00een domeniile mecanic agricol, agricultur\u0103, industrie alimentar\u0103 \u015fi alimenta\u0163ie public\u0103 din zona Reghinului. Absolven\u0163ii \u015fcolii noastre, viitorii tehnicieni&nbsp;\u015fi lucr\u0103tori, vor fi preg\u0103ti\u0163i pentru mai multe domenii, astfel \u00eenc\u00e2t s\u0103 fie capabili s\u0103 se integreze pe pia\u0163a muncii, \u00een&nbsp; concordan\u0163\u0103 cu cerin\u0163ele Uniunii Europene.<\/p>\n","protected":false},"excerpt":{"rendered":"<p>\u015ecoala noastr\u0103 asigur\u0103 un climat de siguran\u0163\u0103 fizic\u0103 \u015fi psihic\u0103 favorabil dezvolt\u0103rii personalit\u0103\u0163ii ca \u00eentreg. Vom \u00eencuraja fermitatea, disciplina sus\u0163inut\u0103 care d\u0103 na\u015ftere min\u0163ilor active \u015fi bunei s\u0103n\u0103t\u0103\u0163i mentale \u015fi fizice. Suntem reuni\u0163i \u00eentr-un parteneriat \u2013 elevi, profesori, p\u0103rin\u0163i, agen\u0163i economici, comunitate \u2013 pentru a forma absolven\u0163i competen\u0163i, autonomi, responsabili, [&hellip;]<\/p>\n","protected":false},"author":1,"featured_media":0,"parent":0,"menu_order":0,"comment_status":"closed","ping_status":"closed","template":"","meta":{"_themeisle_gutenberg_block_has_review":false,"footnotes":""},"class_list":["post-124","page","type-page","status-publish","hentry"],"_links":{"self":[{"href":"https:\/\/liceulbojor.ro\/index.php?rest_route=\/wp\/v2\/pages\/124","targetHints":{"allow":["GET"]}}],"collection":[{"href":"https:\/\/liceulbojor.ro\/index.php?rest_route=\/wp\/v2\/pages"}],"about":[{"href":"https:\/\/liceulbojor.ro\/index.php?rest_route=\/wp\/v2\/types\/page"}],"author":[{"embeddable":true,"href":"https:\/\/liceulbojor.ro\/index.php?rest_route=\/wp\/v2\/users\/1"}],"replies":[{"embeddable":true,"href":"https:\/\/liceulbojor.ro\/index.php?rest_route=%2Fwp%2Fv2%2Fcomments&post=124"}],"version-history":[{"count":1,"href":"https:\/\/liceulbojor.ro\/index.php?rest_route=\/wp\/v2\/pages\/124\/revisions"}],"predecessor-version":[{"id":125,"href":"https:\/\/liceulbojor.ro\/index.php?rest_route=\/wp\/v2\/pages\/124\/revisions\/125"}],"wp:attachment":[{"href":"https:\/\/liceulbojor.ro\/index.php?rest_route=%2Fwp%2Fv2%2Fmedia&parent=124"}],"curies":[{"name":"wp","href":"https:\/\/api.w.org\/{rel}","templated":true}]}}